{"id":4919,"date":"2026-04-25T12:09:13","date_gmt":"2026-04-25T12:09:13","guid":{"rendered":"https:\/\/e-partyboxcatering.ee\/toode\/%d1%80%d1%83%d0%bb%d0%b5%d1%82%d1%8b-%d0%b8%d0%b7-%d0%b1%d0%b0%d0%ba%d0%bb%d0%b0%d0%b6%d0%b0%d0%bd%d0%be%d0%b2-%d1%81-%d1%84%d0%b0%d1%80%d1%88%d0%b5%d0%bc-%d0%b2-%d1%82%d0%be%d0%bc%d0%b0%d1%82%d0%bd\/"},"modified":"2026-04-25T12:09:13","modified_gmt":"2026-04-25T12:09:13","slug":"%d1%80%d1%83%d0%bb%d0%b5%d1%82%d1%8b-%d0%b8%d0%b7-%d0%b1%d0%b0%d0%ba%d0%bb%d0%b0%d0%b6%d0%b0%d0%bd%d0%be%d0%b2-%d1%81-%d1%84%d0%b0%d1%80%d1%88%d0%b5%d0%bc-%d0%b2-%d1%82%d0%be%d0%bc%d0%b0%d1%82%d0%bd","status":"publish","type":"product","link":"https:\/\/e-partyboxcatering.ee\/ru\/toode\/%d1%80%d1%83%d0%bb%d0%b5%d1%82%d1%8b-%d0%b8%d0%b7-%d0%b1%d0%b0%d0%ba%d0%bb%d0%b0%d0%b6%d0%b0%d0%bd%d0%be%d0%b2-%d1%81-%d1%84%d0%b0%d1%80%d1%88%d0%b5%d0%bc-%d0%b2-%d1%82%d0%be%d0%bc%d0%b0%d1%82%d0%bd\/","title":{"rendered":"\u0420\u0443\u043b\u0435\u0442\u044b \u0438\u0437 \u0431\u0430\u043a\u043b\u0430\u0436\u0430\u043d\u043e\u0432 \u0441 \u0444\u0430\u0440\u0448\u0435\u043c \u0432 \u0442\u043e\u043c\u0430\u0442\u043d\u043e\u043c \u0441\u043e\u0443\u0441\u0435 \u0438 \u043f\u0430\u0440\u043c\u0435\u0437\u0430\u043d\u043e\u043c  15 \u0448\u0442 (1.5 \u043a\u0433)"},"content":{"rendered":"","protected":false},"excerpt":{"rendered":"<p>Bakla\u017eaan, veise- ja seahakkliha, riis, tomatid omas mahlas, PARMESAN, K\u00dc\u00dcSLAUK, sibul, porgand.<\/p>\n<p>\u0414\u043b\u044f \u043f\u043e\u043b\u0443\u0447\u0435\u043d\u0438\u044f \u0434\u043e\u043f\u043e\u043b\u043d\u0438\u0442\u0435\u043b\u044c\u043d\u043e\u0439 \u0438\u043d\u0444\u043e\u0440\u043c\u0430\u0446\u0438\u0438 \u043e\u0431 \u0438\u043d\u0433\u0440\u0435\u0434\u0438\u0435\u043d\u0442\u0430\u0445 \u0438 \u200b\u200b\u0430\u043b\u043b\u0435\u0440\u0433\u0435\u043d\u0430\u0445 \u043e\u0431\u0440\u0430\u0449\u0430\u0439\u0442\u0435\u0441\u044c \u043f\u043e \u0430\u0434\u0440\u0435\u0441\u0443 : jusecatering@gmail.com<\/p>\n","protected":false},"featured_media":4912,"template":"","meta":{"site-sidebar-layout":"default","site-content-layout":"default","ast-main-header-display":"","ast-hfb-above-header-display":"","ast-hfb-below-header-display":"","ast-hfb-mobile-header-display":"","site-post-title":"","ast-breadcrumbs-content":"","ast-featured-img":"","footer-sml-layout":"","theme-transparent-header-meta":"","adv-header-id-meta":"","stick-header-meta":"","header-above-stick-meta":"","header-main-stick-meta":"","header-below-stick-meta":""},"product_brand":[],"product_cat":[38],"product_tag":[],"class_list":{"0":"post-4919","1":"product","2":"type-product","3":"status-publish","4":"has-post-thumbnail","6":"product_cat-38","7":"align-center","8":"box-shadow-0","9":"box-shadow-5-hover","10":"ast-product-gallery-layout-horizontal","11":"ast-product-gallery-with-no-image","13":"first","14":"instock","15":"featured","16":"shipping-taxable","17":"purchasable","18":"product-type-simple"},"_links":{"self":[{"href":"https:\/\/e-partyboxcatering.ee\/ru\/wp-json\/wp\/v2\/product\/4919","targetHints":{"allow":["GET"]}}],"collection":[{"href":"https:\/\/e-partyboxcatering.ee\/ru\/wp-json\/wp\/v2\/product"}],"about":[{"href":"https:\/\/e-partyboxcatering.ee\/ru\/wp-json\/wp\/v2\/types\/product"}],"wp:featuredmedia":[{"embeddable":true,"href":"https:\/\/e-partyboxcatering.ee\/ru\/wp-json\/wp\/v2\/media\/4912"}],"wp:attachment":[{"href":"https:\/\/e-partyboxcatering.ee\/ru\/wp-json\/wp\/v2\/media?parent=4919"}],"wp:term":[{"taxonomy":"product_brand","embeddable":true,"href":"https:\/\/e-partyboxcatering.ee\/ru\/wp-json\/wp\/v2\/product_brand?post=4919"},{"taxonomy":"product_cat","embeddable":true,"href":"https:\/\/e-partyboxcatering.ee\/ru\/wp-json\/wp\/v2\/product_cat?post=4919"},{"taxonomy":"product_tag","embeddable":true,"href":"https:\/\/e-partyboxcatering.ee\/ru\/wp-json\/wp\/v2\/product_tag?post=4919"}],"curies":[{"name":"wp","href":"https:\/\/api.w.org\/{rel}","templated":true}]}}